{"id":274,"date":"2022-04-28T17:46:41","date_gmt":"2022-04-28T17:46:41","guid":{"rendered":"http:\/\/dazavu.lt\/?page_id=274"},"modified":"2023-08-21T15:58:33","modified_gmt":"2023-08-21T15:58:33","slug":"lpg-endermologinis-masazas","status":"publish","type":"page","link":"https:\/\/dazavu.lt\/index.php\/lpg-endermologinis-masazas\/","title":{"rendered":"LPG ENDERMOLOGINIS MASA\u017dAS"},"content":{"rendered":"\t\t<div data-elementor-type=\"wp-page\" data-elementor-id=\"274\" class=\"elementor elementor-274\" data-elementor-post-type=\"page\">\n\t\t\t\t\t\t<section class=\"elementor-section elementor-top-section elementor-element elementor-element-7b55e6d7 elementor-section-boxed elementor-section-height-default elementor-section-height-default\" data-id=\"7b55e6d7\" data-element_type=\"section\" data-settings=\"{&quot;background_background&quot;:&quot;classic&quot;}\">\n\t\t\t\t\t\t<div class=\"elementor-container elementor-column-gap-default\">\n\t\t\t\t\t<div class=\"elementor-column elementor-col-33 elementor-top-column elementor-element elementor-element-977d519\" data-id=\"977d519\" data-element_type=\"column\">\n\t\t\t<div class=\"elementor-widget-wrap elementor-element-populated\">\n\t\t\t\t\t\t<div class=\"elementor-element elementor-element-735ec082 elementor-widget elementor-widget-image\" data-id=\"735ec082\" data-element_type=\"widget\" data-widget_type=\"image.default\">\n\t\t\t\t<div class=\"elementor-widget-container\">\n\t\t\t\t\t\t\t\t\t\t\t\t\t\t\t<img fetchpriority=\"high\" decoding=\"async\" width=\"303\" height=\"223\" src=\"https:\/\/dazavu.lt\/wp-content\/uploads\/2022\/03\/dazavu-logo.png\" class=\"attachment-large size-large wp-image-20\" alt=\"dazavu logo\" srcset=\"https:\/\/dazavu.lt\/wp-content\/uploads\/2022\/03\/dazavu-logo.png 303w, https:\/\/dazavu.lt\/wp-content\/uploads\/2022\/03\/dazavu-logo-300x221.png 300w\" sizes=\"(max-width: 303px) 100vw, 303px\" \/>\t\t\t\t\t\t\t\t\t\t\t\t\t\t\t<\/div>\n\t\t\t\t<\/div>\n\t\t\t\t\t<\/div>\n\t\t<\/div>\n\t\t\t\t<div class=\"elementor-column elementor-col-33 elementor-top-column elementor-element elementor-element-7cee1b55\" data-id=\"7cee1b55\" data-element_type=\"column\">\n\t\t\t<div class=\"elementor-widget-wrap elementor-element-populated\">\n\t\t\t\t\t\t<div class=\"elementor-element elementor-element-442832f7 elementor-widget elementor-widget-ekit-nav-menu\" data-id=\"442832f7\" data-element_type=\"widget\" data-widget_type=\"ekit-nav-menu.default\">\n\t\t\t\t<div class=\"elementor-widget-container\">\n\t\t\t\t\t\t\t<nav class=\"ekit-wid-con ekit_menu_responsive_tablet\" \n\t\t\tdata-hamburger-icon=\"\" \n\t\t\tdata-hamburger-icon-type=\"icon\" \n\t\t\tdata-responsive-breakpoint=\"1024\">\n\t\t\t            <button class=\"elementskit-menu-hamburger elementskit-menu-toggler\"  type=\"button\" aria-label=\"hamburger-icon\">\n                                    <span class=\"elementskit-menu-hamburger-icon\"><\/span><span class=\"elementskit-menu-hamburger-icon\"><\/span><span class=\"elementskit-menu-hamburger-icon\"><\/span>\n                            <\/button>\n            <div id=\"ekit-megamenu-main-menu\" class=\"elementskit-menu-container elementskit-menu-offcanvas-elements elementskit-navbar-nav-default ekit-nav-menu-one-page-no ekit-nav-dropdown-hover\"><ul id=\"menu-main-menu\" class=\"elementskit-navbar-nav elementskit-menu-po-right submenu-click-on-icon\"><li id=\"menu-item-12\" class=\"menu-item menu-item-type-custom menu-item-object-custom menu-item-home menu-item-12 nav-item elementskit-mobile-builder-content\" data-vertical-menu=750px><a href=\"https:\/\/dazavu.lt\/\" class=\"ekit-menu-nav-link menu-link\">Pagrindinis<\/a><\/li>\n<li id=\"menu-item-14\" class=\"menu-item menu-item-type-custom menu-item-object-custom menu-item-14 nav-item elementskit-mobile-builder-content\" data-vertical-menu=750px><a href=\"https:\/\/dazavu.lt\/index.php\/paslaugos\/\" class=\"ekit-menu-nav-link menu-link\">Paslaugos<\/a><\/li>\n<li id=\"menu-item-400\" class=\"menu-item menu-item-type-custom menu-item-object-custom menu-item-400 nav-item elementskit-mobile-builder-content\" data-vertical-menu=750px><a href=\"https:\/\/dazavu.lt\/index.php\/produktai\/\" class=\"ekit-menu-nav-link menu-link\">Produktai<\/a><\/li>\n<li id=\"menu-item-457\" class=\"menu-item menu-item-type-custom menu-item-object-custom menu-item-457 nav-item elementskit-mobile-builder-content\" data-vertical-menu=750px><a href=\"https:\/\/dazavu.lt\/index.php\/meistrai\/\" class=\"ekit-menu-nav-link menu-link\">Meistrai<\/a><\/li>\n<li id=\"menu-item-15\" class=\"menu-item menu-item-type-custom menu-item-object-custom menu-item-15 nav-item elementskit-mobile-builder-content\" data-vertical-menu=750px><a href=\"https:\/\/dazavu.lt\/index.php\/galerija\/\" class=\"ekit-menu-nav-link menu-link\">Galerija<\/a><\/li>\n<li id=\"menu-item-16\" class=\"menu-item menu-item-type-custom menu-item-object-custom menu-item-16 nav-item elementskit-mobile-builder-content\" data-vertical-menu=750px><a href=\"https:\/\/dazavu.lt\/index.php\/kontaktai\/\" class=\"ekit-menu-nav-link menu-link\">Kontaktai<\/a><\/li>\n<\/ul><div class=\"elementskit-nav-identity-panel\"><button class=\"elementskit-menu-close elementskit-menu-toggler\" type=\"button\">X<\/button><\/div><\/div>\t\t\t\n\t\t\t<div class=\"elementskit-menu-overlay elementskit-menu-offcanvas-elements elementskit-menu-toggler ekit-nav-menu--overlay\"><\/div>        <\/nav>\n\t\t\t\t\t\t<\/div>\n\t\t\t\t<\/div>\n\t\t\t\t\t<\/div>\n\t\t<\/div>\n\t\t\t\t<div class=\"elementor-column elementor-col-33 elementor-top-column elementor-element elementor-element-500452fb elementor-hidden-tablet elementor-hidden-mobile\" data-id=\"500452fb\" data-element_type=\"column\">\n\t\t\t<div class=\"elementor-widget-wrap elementor-element-populated\">\n\t\t\t\t\t\t<div class=\"elementor-element elementor-element-4c7b7bfb elementor-widget__width-auto elementor-view-default elementor-widget elementor-widget-icon\" data-id=\"4c7b7bfb\" data-element_type=\"widget\" data-widget_type=\"icon.default\">\n\t\t\t\t<div class=\"elementor-widget-container\">\n\t\t\t\t\t\t\t<div class=\"elementor-icon-wrapper\">\n\t\t\t<a class=\"elementor-icon\" href=\"https:\/\/www.facebook.com\/Da%C5%BDavu-LPG-estetikos-studija-104592098848021\">\n\t\t\t<i aria-hidden=\"true\" class=\"fab fa-facebook-square\"><\/i>\t\t\t<\/a>\n\t\t<\/div>\n\t\t\t\t\t\t<\/div>\n\t\t\t\t<\/div>\n\t\t\t\t<div class=\"elementor-element elementor-element-3dc1745e elementor-widget__width-auto elementor-view-default elementor-widget elementor-widget-icon\" data-id=\"3dc1745e\" data-element_type=\"widget\" data-widget_type=\"icon.default\">\n\t\t\t\t<div class=\"elementor-widget-container\">\n\t\t\t\t\t\t\t<div class=\"elementor-icon-wrapper\">\n\t\t\t<a class=\"elementor-icon\" href=\"https:\/\/www.facebook.com\/Da%C5%BDavu-LPG-estetikos-studija-104592098848021\">\n\t\t\t<i aria-hidden=\"true\" class=\"icon icon-instagram-1\"><\/i>\t\t\t<\/a>\n\t\t<\/div>\n\t\t\t\t\t\t<\/div>\n\t\t\t\t<\/div>\n\t\t\t\t\t<\/div>\n\t\t<\/div>\n\t\t\t\t\t<\/div>\n\t\t<\/section>\n\t\t\t\t<section class=\"elementor-section elementor-top-section elementor-element elementor-element-7889445e elementor-section-boxed elementor-section-height-default elementor-section-height-default\" data-id=\"7889445e\" data-element_type=\"section\">\n\t\t\t\t\t\t<div class=\"elementor-container elementor-column-gap-default\">\n\t\t\t\t\t<div class=\"elementor-column elementor-col-50 elementor-top-column elementor-element elementor-element-17fce76d\" data-id=\"17fce76d\" data-element_type=\"column\" data-settings=\"{&quot;background_background&quot;:&quot;gradient&quot;}\">\n\t\t\t<div class=\"elementor-widget-wrap elementor-element-populated\">\n\t\t\t\t\t\t<div class=\"elementor-element elementor-element-26a351b elementor-widget elementor-widget-heading\" data-id=\"26a351b\" data-element_type=\"widget\" data-widget_type=\"heading.default\">\n\t\t\t\t<div class=\"elementor-widget-container\">\n\t\t\t\t\t<h2 class=\"elementor-heading-title elementor-size-default\">\"Hydra Facial\" dermabrazija giliai valanti ir dr\u0117kinanti veido proced\u016bra<\/h2>\t\t\t\t<\/div>\n\t\t\t\t<\/div>\n\t\t\t\t<div class=\"elementor-element elementor-element-fe0df62 elementor-widget elementor-widget-text-editor\" data-id=\"fe0df62\" data-element_type=\"widget\" data-widget_type=\"text-editor.default\">\n\t\t\t\t<div class=\"elementor-widget-container\">\n\t\t\t\t\t\t\t\t\t<p>Hydra Facial\u201c \u2013 tai JAV mokslinink\u0173 sukurta pa\u017eangi aparatin\u0117 odos valymo sistema, kurios metu atliekamas giluminis odos valymas ir u\u017etikrinamas ilgalaikis dr\u0117kinimas. Oda akimirksniu tampa pastebimai sveikesn\u0117, \u0161varesn\u0117, elastingesn\u0117 ir \u0161vytinti. Proced\u016bros metu naudojama patentuota technologija, kuri veido od\u0105 prisotina valan\u010diais, apsaugan\u010diais ir intensyviai dr\u0117kinan\u010diais serumais.<\/p>\t\t\t\t\t\t\t\t<\/div>\n\t\t\t\t<\/div>\n\t\t\t\t<div class=\"elementor-element elementor-element-b7e3a42 elementor-widget elementor-widget-heading\" data-id=\"b7e3a42\" data-element_type=\"widget\" data-widget_type=\"heading.default\">\n\t\t\t\t<div class=\"elementor-widget-container\">\n\t\t\t\t\t<h2 class=\"elementor-heading-title elementor-size-default\">2 val. - 60\u20ac<\/h2>\t\t\t\t<\/div>\n\t\t\t\t<\/div>\n\t\t\t\t<div class=\"elementor-element elementor-element-b4b3dc2 elementor-align-left elementor-widget__width-auto elementor-widget elementor-widget-button\" data-id=\"b4b3dc2\" data-element_type=\"widget\" data-widget_type=\"button.default\">\n\t\t\t\t<div class=\"elementor-widget-container\">\n\t\t\t\t\t\t\t\t\t<div class=\"elementor-button-wrapper\">\n\t\t\t\t\t<a class=\"elementor-button elementor-button-link elementor-size-sm elementor-animation-grow\" href=\"https:\/\/dazavu.lt\/index.php\/registracija\/\">\n\t\t\t\t\t\t<span class=\"elementor-button-content-wrapper\">\n\t\t\t\t\t\t<span class=\"elementor-button-icon\">\n\t\t\t\t<i aria-hidden=\"true\" class=\"icon icon-right-arrow1\"><\/i>\t\t\t<\/span>\n\t\t\t\t\t\t\t\t\t<span class=\"elementor-button-text\">U\u017esiregistruoti <\/span>\n\t\t\t\t\t<\/span>\n\t\t\t\t\t<\/a>\n\t\t\t\t<\/div>\n\t\t\t\t\t\t\t\t<\/div>\n\t\t\t\t<\/div>\n\t\t\t\t\t<\/div>\n\t\t<\/div>\n\t\t\t\t<div class=\"elementor-column elementor-col-50 elementor-top-column elementor-element elementor-element-e0530a9\" data-id=\"e0530a9\" data-element_type=\"column\" data-settings=\"{&quot;background_background&quot;:&quot;gradient&quot;}\">\n\t\t\t<div class=\"elementor-widget-wrap elementor-element-populated\">\n\t\t\t\t\t\t<div class=\"elementor-element elementor-element-2d3b1083 elementor-widget elementor-widget-image\" data-id=\"2d3b1083\" data-element_type=\"widget\" data-widget_type=\"image.default\">\n\t\t\t\t<div class=\"elementor-widget-container\">\n\t\t\t\t\t\t\t\t\t\t\t\t\t\t\t<img decoding=\"async\" width=\"1024\" height=\"683\" src=\"https:\/\/dazavu.lt\/wp-content\/uploads\/2023\/08\/jpeg-optimizer__MG_5904-1024x683.jpg\" class=\"attachment-large size-large wp-image-581\" alt=\"\" srcset=\"https:\/\/dazavu.lt\/wp-content\/uploads\/2023\/08\/jpeg-optimizer__MG_5904-1024x683.jpg 1024w, https:\/\/dazavu.lt\/wp-content\/uploads\/2023\/08\/jpeg-optimizer__MG_5904-300x200.jpg 300w, https:\/\/dazavu.lt\/wp-content\/uploads\/2023\/08\/jpeg-optimizer__MG_5904-768x512.jpg 768w, https:\/\/dazavu.lt\/wp-content\/uploads\/2023\/08\/jpeg-optimizer__MG_5904-1536x1024.jpg 1536w, https:\/\/dazavu.lt\/wp-content\/uploads\/2023\/08\/jpeg-optimizer__MG_5904-2048x1365.jpg 2048w\" sizes=\"(max-width: 1024px) 100vw, 1024px\" \/>\t\t\t\t\t\t\t\t\t\t\t\t\t\t\t<\/div>\n\t\t\t\t<\/div>\n\t\t\t\t\t<\/div>\n\t\t<\/div>\n\t\t\t\t\t<\/div>\n\t\t<\/section>\n\t\t\t\t<section class=\"elementor-section elementor-top-section elementor-element elementor-element-66de1f9a elementor-section-boxed elementor-section-height-default elementor-section-height-default\" data-id=\"66de1f9a\" data-element_type=\"section\" data-settings=\"{&quot;background_background&quot;:&quot;classic&quot;}\">\n\t\t\t\t\t\t<div class=\"elementor-container elementor-column-gap-default\">\n\t\t\t\t\t<div class=\"elementor-column elementor-col-33 elementor-top-column elementor-element elementor-element-4f38067e\" data-id=\"4f38067e\" data-element_type=\"column\">\n\t\t\t<div class=\"elementor-widget-wrap elementor-element-populated\">\n\t\t\t\t\t\t<div class=\"elementor-element elementor-element-4382ac0f elementor-widget elementor-widget-heading\" data-id=\"4382ac0f\" data-element_type=\"widget\" data-widget_type=\"heading.default\">\n\t\t\t\t<div class=\"elementor-widget-container\">\n\t\t\t\t\t<h2 class=\"elementor-heading-title elementor-size-default\">Adresas<\/h2>\t\t\t\t<\/div>\n\t\t\t\t<\/div>\n\t\t\t\t<div class=\"elementor-element elementor-element-2930b495 elementor-widget elementor-widget-heading\" data-id=\"2930b495\" data-element_type=\"widget\" data-widget_type=\"heading.default\">\n\t\t\t\t<div class=\"elementor-widget-container\">\n\t\t\t\t\t<h2 class=\"elementor-heading-title elementor-size-default\">Pirties g.1-5, Palanga.\n<\/h2>\t\t\t\t<\/div>\n\t\t\t\t<\/div>\n\t\t\t\t\t<\/div>\n\t\t<\/div>\n\t\t\t\t<div class=\"elementor-column elementor-col-33 elementor-top-column elementor-element elementor-element-6ebb01b3\" data-id=\"6ebb01b3\" data-element_type=\"column\">\n\t\t\t<div class=\"elementor-widget-wrap elementor-element-populated\">\n\t\t\t\t\t\t<div class=\"elementor-element elementor-element-2f74f970 elementor-widget elementor-widget-heading\" data-id=\"2f74f970\" data-element_type=\"widget\" data-widget_type=\"heading.default\">\n\t\t\t\t<div class=\"elementor-widget-container\">\n\t\t\t\t\t<h2 class=\"elementor-heading-title elementor-size-default\">Darbo laikas<\/h2>\t\t\t\t<\/div>\n\t\t\t\t<\/div>\n\t\t\t\t<div class=\"elementor-element elementor-element-22580204 elementor-widget elementor-widget-heading\" data-id=\"22580204\" data-element_type=\"widget\" data-widget_type=\"heading.default\">\n\t\t\t\t<div class=\"elementor-widget-container\">\n\t\t\t\t\t<h2 class=\"elementor-heading-title elementor-size-default\">I - V      10:00 - 20:00\n<\/h2>\t\t\t\t<\/div>\n\t\t\t\t<\/div>\n\t\t\t\t<div class=\"elementor-element elementor-element-570563f3 elementor-widget elementor-widget-heading\" data-id=\"570563f3\" data-element_type=\"widget\" data-widget_type=\"heading.default\">\n\t\t\t\t<div class=\"elementor-widget-container\">\n\t\t\t\t\t<h2 class=\"elementor-heading-title elementor-size-default\">VI - VII 10:00 - 18:00\n<\/h2>\t\t\t\t<\/div>\n\t\t\t\t<\/div>\n\t\t\t\t\t<\/div>\n\t\t<\/div>\n\t\t\t\t<div class=\"elementor-column elementor-col-33 elementor-top-column elementor-element elementor-element-1d229882\" data-id=\"1d229882\" data-element_type=\"column\">\n\t\t\t<div class=\"elementor-widget-wrap elementor-element-populated\">\n\t\t\t\t\t\t<div class=\"elementor-element elementor-element-65adb5df elementor-widget elementor-widget-heading\" data-id=\"65adb5df\" data-element_type=\"widget\" data-widget_type=\"heading.default\">\n\t\t\t\t<div class=\"elementor-widget-container\">\n\t\t\t\t\t<h2 class=\"elementor-heading-title elementor-size-default\">Kontaktai<\/h2>\t\t\t\t<\/div>\n\t\t\t\t<\/div>\n\t\t\t\t<div class=\"elementor-element elementor-element-29bf22f3 elementor-widget elementor-widget-heading\" data-id=\"29bf22f3\" data-element_type=\"widget\" data-widget_type=\"heading.default\">\n\t\t\t\t<div class=\"elementor-widget-container\">\n\t\t\t\t\t<h2 class=\"elementor-heading-title elementor-size-default\">dajavu.lpg@gmail.com\n<\/h2>\t\t\t\t<\/div>\n\t\t\t\t<\/div>\n\t\t\t\t<div class=\"elementor-element elementor-element-68a7edca elementor-widget elementor-widget-heading\" data-id=\"68a7edca\" data-element_type=\"widget\" data-widget_type=\"heading.default\">\n\t\t\t\t<div class=\"elementor-widget-container\">\n\t\t\t\t\t<h2 class=\"elementor-heading-title elementor-size-default\">+3706 444 7277<\/h2>\t\t\t\t<\/div>\n\t\t\t\t<\/div>\n\t\t\t\t\t<\/div>\n\t\t<\/div>\n\t\t\t\t\t<\/div>\n\t\t<\/section>\n\t\t\t\t<\/div>\n\t\t","protected":false},"excerpt":{"rendered":"<p>Pagrindinis Paslaugos Produktai Meistrai Galerija Kontaktai X &#8220;Hydra Facial&#8221; dermabrazija giliai valanti ir dr\u0117kinanti veido proced\u016bra Hydra Facial\u201c \u2013 tai JAV mokslinink\u0173 sukurta pa\u017eangi aparatin\u0117 odos valymo sistema, kurios metu atliekamas giluminis odos valymas ir u\u017etikrinamas ilgalaikis dr\u0117kinimas. Oda akimirksniu tampa pastebimai sveikesn\u0117, \u0161varesn\u0117, elastingesn\u0117 ir \u0161vytinti. Proced\u016bros metu naudojama patentuota technologija, kuri veido od\u0105 [&hellip;]<\/p>\n","protected":false},"author":1,"featured_media":0,"parent":0,"menu_order":0,"comment_status":"closed","ping_status":"closed","template":"elementor_header_footer","meta":{"_monsterinsights_skip_tracking":false,"_monsterinsights_sitenote_active":false,"_monsterinsights_sitenote_note":"","_monsterinsights_sitenote_category":0,"site-sidebar-layout":"no-sidebar","site-content-layout":"page-builder","ast-site-content-layout":"default","site-content-style":"default","site-sidebar-style":"default","ast-global-header-display":"","ast-banner-title-visibility":"","ast-main-header-display":"","ast-hfb-above-header-display":"","ast-hfb-below-header-display":"","ast-hfb-mobile-header-display":"","site-post-title":"disabled","ast-breadcrumbs-content":"","ast-featured-img":"disabled","footer-sml-layout":"","theme-transparent-header-meta":"","adv-header-id-meta":"","stick-header-meta":"","header-above-stick-meta":"","header-main-stick-meta":"","header-below-stick-meta":"","astra-migrate-meta-layouts":"default","ast-page-background-enabled":"default","ast-page-background-meta":{"desktop":{"background-color":"var(--ast-global-color-4)","background-image":"","background-repeat":"repeat","background-position":"center center","background-size":"auto","background-attachment":"scroll","background-type":"","background-media":"","overlay-type":"","overlay-color":"","overlay-opacity":"","overlay-gradient":""},"tablet":{"background-color":"","background-image":"","background-repeat":"repeat","background-position":"center center","background-size":"auto","background-attachment":"scroll","background-type":"","background-media":"","overlay-type":"","overlay-color":"","overlay-opacity":"","overlay-gradient":""},"mobile":{"background-color":"","background-image":"","background-repeat":"repeat","background-position":"center center","background-size":"auto","background-attachment":"scroll","background-type":"","background-media":"","overlay-type":"","overlay-color":"","overlay-opacity":"","overlay-gradient":""}},"ast-content-background-meta":{"desktop":{"background-color":"var(--ast-global-color-5)","background-image":"","background-repeat":"repeat","background-position":"center center","background-size":"auto","background-attachment":"scroll","background-type":"","background-media":"","overlay-type":"","overlay-color":"","overlay-opacity":"","overlay-gradient":""},"tablet":{"background-color":"var(--ast-global-color-5)","background-image":"","background-repeat":"repeat","background-position":"center center","background-size":"auto","background-attachment":"scroll","background-type":"","background-media":"","overlay-type":"","overlay-color":"","overlay-opacity":"","overlay-gradient":""},"mobile":{"background-color":"var(--ast-global-color-5)","background-image":"","background-repeat":"repeat","background-position":"center center","background-size":"auto","background-attachment":"scroll","background-type":"","background-media":"","overlay-type":"","overlay-color":"","overlay-opacity":"","overlay-gradient":""}},"footnotes":""},"class_list":["post-274","page","type-page","status-publish","hentry"],"aioseo_notices":[],"_links":{"self":[{"href":"https:\/\/dazavu.lt\/index.php\/wp-json\/wp\/v2\/pages\/274","targetHints":{"allow":["GET"]}}],"collection":[{"href":"https:\/\/dazavu.lt\/index.php\/wp-json\/wp\/v2\/pages"}],"about":[{"href":"https:\/\/dazavu.lt\/index.php\/wp-json\/wp\/v2\/types\/page"}],"author":[{"embeddable":true,"href":"https:\/\/dazavu.lt\/index.php\/wp-json\/wp\/v2\/users\/1"}],"replies":[{"embeddable":true,"href":"https:\/\/dazavu.lt\/index.php\/wp-json\/wp\/v2\/comments?post=274"}],"version-history":[{"count":28,"href":"https:\/\/dazavu.lt\/index.php\/wp-json\/wp\/v2\/pages\/274\/revisions"}],"predecessor-version":[{"id":591,"href":"https:\/\/dazavu.lt\/index.php\/wp-json\/wp\/v2\/pages\/274\/revisions\/591"}],"wp:attachment":[{"href":"https:\/\/dazavu.lt\/index.php\/wp-json\/wp\/v2\/media?parent=274"}],"curies":[{"name":"wp","href":"https:\/\/api.w.org\/{rel}","templated":true}]}}